{"id":329,"date":"2019-11-25T19:07:12","date_gmt":"2019-11-25T18:07:12","guid":{"rendered":"https:\/\/www.hermanice-valterice.cz\/?page_id=329"},"modified":"2020-01-28T19:43:52","modified_gmt":"2020-01-28T18:43:52","slug":"hermsdorf-bey-graber-1921","status":"publish","type":"page","link":"https:\/\/www.hermanice-valterice.cz\/de\/hermsdorf\/geschichte-der-gemeinde\/hermsdorf-bey-graber-1921\/","title":{"rendered":"Hermsdorf bey Graber 1921"},"content":{"rendered":"<p><!--StartFragment--><\/p>\n\n\n<p>Volksschule, zweiklassig, Oberlehrer Kollovsky Ewald, Hermsdorf<\/p>\n\n\n\n<p><strong>Verzeichnis der Hausbesitzer: <\/strong>1 &#8211; Josef Zenker, 2 &#8211; Franz Sommer, 3 &#8211; Franz Hohlfeld, 4 &#8211; Josef Sommer, 5 &#8211; August Heide, 6 &#8211; August Sommer, 7 &#8211; Franz Zenker, 8 &#8211; Josef Illmann, 9 &#8211; Josef Schneider, 10 &#8211; Franz Holfeld, 11 &#8211; Regina Hocke, 13 &#8211; Eduard Sander, 14 &#8211; Franz Schimke, 15 &#8211; August Hocke, 16 &#8211; Franz Strohbach, 17 &#8211; Franz M\u00fcller, 18 &#8211; Franz Blumtritt, 19 &#8211; August M\u00fcller, 20 &#8211; Emilia M\u00fcller, 21 &#8211; Eduard Girschick, 22 &#8211; Franz M\u00fcller, 23 &#8211; Josef L\u00f6ssel, 24 &#8211; Florian Zenker, 25 &#8211; Franz Richter, 26 &#8211; Josef Werner, 27 &#8211; August Zenker, 28 &#8211; August Bertel, 29 &#8211; Franz Liessler, 30 &#8211; Franz Tschakert, 31 &#8211; Josef Stolze, 32 &#8211; Franz Jirschick, 33 &#8211; Josef G\u00fcrtler, 35 &#8211; Franz Jackel, 36 &#8211; Maria M\u00f6ser, 37 &#8211; Franz Papert, 38 &#8211; Ferdinand Lanz, 39 &#8211; Franz u. Maria W\u00fcnsch, 40 &#8211; Eduard Riedel, 41 &#8211; Konrad Mei\u00dfner, 42 &#8211; Franz Blumentritt, 43 &#8211; Josef Steinmetzer, 44 &#8211; Josef Zenker, 45 &#8211; Karl Heller, 46 &#8211; Franz Zenker, 47 &#8211; Franz Reinert, 48 &#8211; Wenzel Herfort, 49 &#8211; Josef Hanke, 50 &#8211; Franz L\u00f6sel, 51 &#8211; Josef Girschick, 53 &#8211; Josef Krombholz, 54 &#8211; Emil B\u00e4ckert, 55 &#8211; Maria Kriesche, 56 &#8211; Josef H\u00f6sler, 57 &#8211; Maria Liebsch, 58 &#8211; Emilia Zenker, 59 &#8211; Franz Hocke, 60 &#8211; Franz Reinert, 61 &#8211; Franz Werner, 62 &#8211; Anton R\u00f6sler, 63 &#8211; Josef Lasche, 64 &#8211; Karl Pastel, 65 &#8211; Franz G\u00f6rner, 66 &#8211; Gustav Tille, 67 &#8211; Josef Weber, 68 &#8211; Josef Wenzel, 69 &#8211; Josef Hahm, 70 &#8211; Theresia Mikus, 71 &#8211; Rudolf Tschilschke, 72 &#8211; Josef Girschick, 73 &#8211; Josef Kreibich, 74 &#8211; August H\u00f6sler, 75 &#8211; Maria Zenker, 76 &#8211; Josef Knobloch, 78 &#8211; Eduard M\u00f6ser, 79 &#8211; Alfred Girschick, 80 &#8211; Franz Hanisch, 81 &#8211; Emil Zirnstein, 82 &#8211; Teresia Hocke, 83 &#8211; Josef Schimke, 84 &#8211; Josef Tieze, 85 &#8211; Gemeinde Hermsdorf, 86 &#8211; Gustav Hanke, 87 &#8211; Franz Zenker, 88 &#8211; Josef Hohlfeld, 89 &#8211; Franz Lemsch, 90 &#8211; Wenzel Riedel, 91 &#8211; Franz Girschick, 92 &#8211; August Stelzig, 93 &#8211; Anna Feiks, 94 &#8211; Josef Werner, 95 &#8211; Franz Girschick, 96 &#8211; Leopold R\u00f6sler, 97 &#8211; Jos. Zenker\u00b4s  Erben, 98 &#8211; Franz Tschakert, 100 &#8211; Josef Reinert, 101 &#8211; Karl Zenker, 102 &#8211; Emil Stelzig, 103 &#8211; Josef Storch, 104 &#8211; Wenzel Schimke, 105 &#8211; Josef Zenker, 106 &#8211; Josef Klimpel, 107 &#8211; Franz Weikert, 108 &#8211; Wenzel Jackel, 109 &#8211; Josef Wabersinke, 110 &#8211; Stephan Jahnel, 111 &#8211; Anna M\u00f6ser, 112 &#8211; Heinrich Kostomlatsky, 113 &#8211; Wenzel Girschick, 114 &#8211; Wenzel Kreibich, 115 &#8211; Josef Kykal, 116 &#8211; Eduard Bendel, 117 &#8211; August Richter, 118 &#8211; Franz W\u00fcnsch, 119 &#8211; Heinrich Kostomlatsky <\/p>\n\n\n\n<p><strong>Industrie, Handel und Gewerbe<\/strong>:<\/p>\n\n\n\n<p><strong>Fleischer<\/strong> &#8211; Hanke Josef, Jahnel Stephan. <strong>Holzhandlung<\/strong> &#8211; Mei\u00dfner Konrad Nr. 41. <strong>Selcher<\/strong> &#8211; Jahnel Stephan. <strong>Galanteriewarenhandel<\/strong> &#8211; Jackel Anna Nr. 108. <strong>Hopfeneink\u00e4ufer<\/strong> &#8211; M\u00fcller Werner Nr. 114. <strong>Schmied<\/strong> &#8211; Tischer Anton. <strong>Kaufmann<\/strong> &#8211; Richter Franz. <strong>Gastwirte<\/strong> &#8211; Hanke Josef Nr. 49, Heller Josef Nr. 45, Kostomlatzky Heinrich Nr. 112, Werner Josef. <strong>Korbhandel<\/strong> &#8211; Riedel Eduard. <strong>Tabaktrafik<\/strong> &#8211; Kostomlatzky Heinrich. <strong>Kr\u00e4merei<\/strong> &#8211; Kykal  Marie Nr. 115. <strong>Gem\u00fcsehandel<\/strong> &#8211; Wabersinke Josef Nr. 118. <strong>Muhlbauer<\/strong> &#8211; Schimke Franz. <strong>Tischler<\/strong> &#8211; M\u00f6ser Eduard. <strong>Handel mit Jungschweinen<\/strong> &#8211; Zenker Stefan. <strong>Obsteink\u00e4ufer<\/strong> &#8211; M\u00fcller Werner Nr. 114. <strong>Viehh\u00e4ndler<\/strong> &#8211; Hanke Josef. <strong>Hebamme<\/strong> &#8211; Girschick Anna Nr. 4. <strong>Produkten<\/strong> &#8211; Jierschik Franz. <strong>Wagner<\/strong> &#8211; M\u00fcller Franz <\/p>\n\n\n\n<p><\/p>\n\n\n<p><!--EndFragment--><\/p>","protected":false},"excerpt":{"rendered":"<p>Volksschule, zweiklassig, Oberlehrer Kollovsky Ewald, Hermsdorf Verzeichnis der Hausbesitzer: 1 &#8211; Josef Zenker, 2 &#8211; Franz Sommer, 3 &#8211; Franz Hohlfeld, 4 &#8211; Josef Sommer, 5 &#8211; August Heide, 6 &#8211; August Sommer, 7 &#8211; Franz Zenker, 8 &#8211; Josef Illmann, 9 &#8211; Josef Schneider, 10 &#8211; Franz Holfeld, 11 &#8211; Regina Hocke, 13 &#8211; [&hellip;]<\/p>\n","protected":false},"author":2,"featured_media":0,"parent":256,"menu_order":0,"comment_status":"open","ping_status":"closed","template":"","meta":{"ngg_post_thumbnail":0,"footnotes":""},"class_list":["post-329","page","type-page","status-publish","hentry"],"_links":{"self":[{"href":"https:\/\/www.hermanice-valterice.cz\/de\/wp-json\/wp\/v2\/pages\/329","targetHints":{"allow":["GET"]}}],"collection":[{"href":"https:\/\/www.hermanice-valterice.cz\/de\/wp-json\/wp\/v2\/pages"}],"about":[{"href":"https:\/\/www.hermanice-valterice.cz\/de\/wp-json\/wp\/v2\/types\/page"}],"author":[{"embeddable":true,"href":"https:\/\/www.hermanice-valterice.cz\/de\/wp-json\/wp\/v2\/users\/2"}],"replies":[{"embeddable":true,"href":"https:\/\/www.hermanice-valterice.cz\/de\/wp-json\/wp\/v2\/comments?post=329"}],"version-history":[{"count":4,"href":"https:\/\/www.hermanice-valterice.cz\/de\/wp-json\/wp\/v2\/pages\/329\/revisions"}],"predecessor-version":[{"id":354,"href":"https:\/\/www.hermanice-valterice.cz\/de\/wp-json\/wp\/v2\/pages\/329\/revisions\/354"}],"up":[{"embeddable":true,"href":"https:\/\/www.hermanice-valterice.cz\/de\/wp-json\/wp\/v2\/pages\/256"}],"wp:attachment":[{"href":"https:\/\/www.hermanice-valterice.cz\/de\/wp-json\/wp\/v2\/media?parent=329"}],"curies":[{"name":"wp","href":"https:\/\/api.w.org\/{rel}","templated":true}]}}